{"id":3,"date":"2025-08-14T12:49:48","date_gmt":"2025-08-14T09:49:48","guid":{"rendered":"https:\/\/narin.av.tr\/\/?page_id=3"},"modified":"2025-08-24T16:24:55","modified_gmt":"2025-08-24T13:24:55","slug":"sartlar-ve-kosullar","status":"publish","type":"page","link":"https:\/\/narin.av.tr\/ar\/sartlar-ve-kosullar\/","title":{"rendered":"\u0627\u0644\u0634\u0631\u0648\u0637 \u0648\u0627\u0644\u0623\u062d\u0643\u0627\u0645"},"content":{"rendered":"<h2 class=\"wp-block-heading\">\u00a0<\/h2>\r\n<p>L\u00fctfen Narin &amp; Bilen\u00a0 Legal web sitesini kullanmadan \u00f6nce a\u015fa\u011f\u0131daki \u015fartlar\u0131 dikkatlice okuyun. Web sitemizi kullanarak, a\u015fa\u011f\u0131daki \u015fartlar\u0131 ve ko\u015fullar\u0131 kabul etmi\u015f say\u0131l\u0131rs\u0131n\u0131z.<\/p>\r\n<p><strong>1. KULLANICI SORUMLULU\u011eU<\/strong><\/p>\r\n<p>1.1. Narin &amp; Bilen Legal web sitesini kullanarak, a\u015fa\u011f\u0131daki hususlar\u0131 kabul etmi\u015f olursunuz:<\/p>\r\n<p>a. Siteyi sadece yasal ama\u00e7lar i\u00e7in kullanacaks\u0131n\u0131z.<\/p>\r\n<p>b. Web sitemizin kullan\u0131m\u0131 ile ilgili t\u00fcm yerel yasalara, y\u00f6netmeliklere ve di\u011fer d\u00fczenlemelere uymay\u0131 taahh\u00fct edersiniz.<\/p>\r\n<p>1.2. Narin &amp; Bilen Legal, web sitesini kullanman\u0131z\u0131n bir sonucu olarak ortaya \u00e7\u0131kan bilgi kayb\u0131 veya di\u011fer kay\u0131plardan sorumlu tutulamaz.<\/p>\r\n<p><strong>2. T\u0130CAR\u0130 KULLANIM<\/strong><\/p>\r\n<p>2.1. Narin &amp; Bilen\u00a0 Legal web sitesi, sadece genel bilgi ama\u00e7l\u0131d\u0131r ve herhangi bir avukat-m\u00fcvekkil ili\u015fkisi kurmaz. Web sitemiz \u00fczerinden sa\u011flanan bilgiler, hukuki tavsiye niteli\u011finde de\u011fildir.<\/p>\r\n<p>2.2. Herhangi bir hukuki konuda yard\u0131ma ihtiyac\u0131n\u0131z varsa, l\u00fctfen uzman bir hukuk profesyoneli ile ileti\u015fime ge\u00e7in.<\/p>\r\n<p><strong>3. F\u0130KR\u0130 M\u00dcLK\u0130YET HAKLARI<\/strong><\/p>\r\n<p>3.1. Narin &amp; Bilen Legal web sitesindeki t\u00fcm materyaller, markalar, tasar\u0131m ve di\u011fer fikri m\u00fclkiyet unsurlar\u0131 firmam\u0131za aittir.<\/p>\r\n<p>3.2. Web sitemizdeki materyallerin izinsiz kullan\u0131m\u0131, firmam\u0131z\u0131n fikri m\u00fclkiyet haklar\u0131na zarar verebilir ve yasal sonu\u00e7lar do\u011furabilir.<\/p>\r\n<p><strong>4. DE\u011e\u0130\u015e\u0130KL\u0130KLER VE G\u00dcNCELLEMELER<\/strong><\/p>\r\n<p>4.1. Narin &amp; Bilen Legal, \u015fartlar ve ko\u015fullar\u0131 diledi\u011fi zaman g\u00fcncelleme veya de\u011fi\u015ftirme hakk\u0131n\u0131 sakl\u0131 tutar. G\u00fcncellenmi\u015f \u015fartlar ve ko\u015fullar\u0131n yay\u0131nlanmas\u0131 ile birlikte, de\u011fi\u015fiklikler derhal y\u00fcr\u00fcrl\u00fc\u011fe girecektir.<\/p>\r\n<p><strong>5. \u0130LET\u0130\u015e\u0130M<\/strong><\/p>\r\n<p>5.1. \u015eartlar ve ko\u015fullarla ilgili herhangi bir sorunuz veya endi\u015feniz varsa, l\u00fctfen bize\u00a0<b>info@narin.av.tr<\/b>\u00a0adresinden ula\u015f\u0131n.<\/p>","protected":false},"excerpt":{"rendered":"<p>\u00a0 L\u00fctfen Narin &amp; Bilen\u00a0 Legal web sitesini kullanmadan \u00f6nce a\u015fa\u011f\u0131daki \u015fartlar\u0131 dikkatlice okuyun. Web sitemizi kullanarak, a\u015fa\u011f\u0131daki \u015fartlar\u0131 ve ko\u015fullar\u0131 kabul etmi\u015f say\u0131l\u0131rs\u0131n\u0131z. 1. KULLANICI SORUMLULU\u011eU 1.1. Narin &amp; Bilen Legal web sitesini kullanarak, a\u015fa\u011f\u0131daki hususlar\u0131 kabul etmi\u015f olursunuz: a. Siteyi sadece yasal ama\u00e7lar i\u00e7in kullanacaks\u0131n\u0131z. b. Web sitemizin kullan\u0131m\u0131 ile ilgili t\u00fcm yerel [&hellip;]<\/p>","protected":false},"author":1,"featured_media":23897,"parent":0,"menu_order":0,"comment_status":"closed","ping_status":"open","template":"","meta":{"om_disable_all_campaigns":false,"footnotes":""},"class_list":["post-3","page","type-page","status-publish","has-post-thumbnail","hentry"],"aioseo_notices":[],"_links":{"self":[{"href":"https:\/\/narin.av.tr\/ar\/wp-json\/wp\/v2\/pages\/3","targetHints":{"allow":["GET"]}}],"collection":[{"href":"https:\/\/narin.av.tr\/ar\/wp-json\/wp\/v2\/pages"}],"about":[{"href":"https:\/\/narin.av.tr\/ar\/wp-json\/wp\/v2\/types\/page"}],"author":[{"embeddable":true,"href":"https:\/\/narin.av.tr\/ar\/wp-json\/wp\/v2\/users\/1"}],"replies":[{"embeddable":true,"href":"https:\/\/narin.av.tr\/ar\/wp-json\/wp\/v2\/comments?post=3"}],"version-history":[{"count":0,"href":"https:\/\/narin.av.tr\/ar\/wp-json\/wp\/v2\/pages\/3\/revisions"}],"wp:featuredmedia":[{"embeddable":true,"href":"https:\/\/narin.av.tr\/ar\/wp-json\/wp\/v2\/media\/23897"}],"wp:attachment":[{"href":"https:\/\/narin.av.tr\/ar\/wp-json\/wp\/v2\/media?parent=3"}],"curies":[{"name":"wp","href":"https:\/\/api.w.org\/{rel}","templated":true}]}}